{"id":2,"date":"2021-10-09T19:35:56","date_gmt":"2021-10-09T19:35:56","guid":{"rendered":"https:\/\/site.aevaladares.pt\/main\/?page_id=2"},"modified":"2025-06-16T15:26:06","modified_gmt":"2025-06-16T15:26:06","slug":"sample-page","status":"publish","type":"page","link":"https:\/\/site.aevaladares.pt\/main\/","title":{"rendered":"P\u00e1gina Inicial"},"content":{"rendered":"\n<div class=\"wp-block-media-text is-stacked-on-mobile is-vertically-aligned-top\" style=\"grid-template-columns:37% auto\"><figure class=\"wp-block-media-text__media\"><img loading=\"lazy\" decoding=\"async\" width=\"512\" height=\"512\" src=\"https:\/\/site.aevaladares.pt\/main\/wp-content\/uploads\/2023\/08\/image.png\" alt=\"\" class=\"wp-image-490 size-full\" srcset=\"https:\/\/site.aevaladares.pt\/main\/wp-content\/uploads\/2023\/08\/image.png 512w, https:\/\/site.aevaladares.pt\/main\/wp-content\/uploads\/2023\/08\/image-300x300.png 300w, https:\/\/site.aevaladares.pt\/main\/wp-content\/uploads\/2023\/08\/image-150x150.png 150w\" sizes=\"auto, (max-width: 512px) 100vw, 512px\" \/><\/figure><div class=\"wp-block-media-text__content\">\n<p><strong>ABERTURA DO PROCESSO ELEITORAL DO CONSELHO GERAL<\/strong><br><strong>(2025\/2028)<\/strong><\/p>\n\n\n\n<p><br><a href=\"https:\/\/aevaladares.pt\/docs\/2024\/CONCDOCENTES\/HORARIO_74-GR_110-%2025h%20_%20Lista%20ordenada.pdf\">Lista o<\/a>No cumprimento do disposto no Decreto-Lei n.\u00ba 75\/2008, de 22 de abril, com a reda\u00e7\u00e3o dada pelo Decreto-Lei n.\u00ba 137\/2012, de 2 de junho, e nos termos do Regulamento Eleitoral, aprovado pelo Conselho Geral de 10 de dezembro de 2024, declara-se aberto, com efeitos a partir da data de publica\u00e7\u00e3o do presente Aviso de Abertura, o processo para a elei\u00e7\u00e3o dos representantes do pessoal docente e n\u00e3o docente do Conselho Geral do Agrupamento de Escolas de Valadares para o quadri\u00e9nio 2025\/2028, cujas Assembleias Eleitorais decorrer\u00e3o no dia 26 de fevereiro de 2025.<\/p>\n\n\n\n<p>Documentos:<\/p>\n\n\n\n<ul class=\"wp-block-list\">\n<li><a href=\"https:\/\/aevaladares.pt\/docs\/2025\/CONSELHOGERAL\/VFN_Regulamento%20Eleitoral%20para%20o%20Conselho%20Geral_final.pdf\">Regulamento Eleitoral para o Conselho Geral<\/a><\/li>\n\n\n\n<li><a href=\"https:\/\/aevaladares.pt\/docs\/2025\/CONSELHOGERAL\/Calendariza%C3%A7%C3%A3o%20-%20Processo%20Eleitoral%20-%20Conselho%20Geral%20datado.pdf\">Calendariza\u00e7\u00e3o do Processo Eleitoral para o Conselho Geral<\/a><\/li>\n<\/ul>\n\n\n\n<p>&nbsp;Valadares, 20 de dezembro de 2024<\/p>\n\n\n\n<p>&nbsp;<strong>O Presidente do Conselho Geral<\/strong><\/p>\n\n\n\n<p><strong>Jos\u00e9 Alberto de Sousa Ferreira<\/strong><\/p>\n<\/div><\/div>\n\n\n\n<p><\/p>\n","protected":false},"excerpt":{"rendered":"","protected":false},"author":1,"featured_media":0,"parent":0,"menu_order":0,"comment_status":"closed","ping_status":"open","template":"","meta":{"_kad_post_transparent":"","_kad_post_title":"","_kad_post_layout":"","_kad_post_sidebar_id":"","_kad_post_content_style":"","_kad_post_vertical_padding":"","_kad_post_feature":"","_kad_post_feature_position":"","_kad_post_header":false,"_kad_post_footer":false,"footnotes":""},"class_list":["post-2","page","type-page","status-publish","hentry"],"_links":{"self":[{"href":"https:\/\/site.aevaladares.pt\/main\/wp-json\/wp\/v2\/pages\/2","targetHints":{"allow":["GET"]}}],"collection":[{"href":"https:\/\/site.aevaladares.pt\/main\/wp-json\/wp\/v2\/pages"}],"about":[{"href":"https:\/\/site.aevaladares.pt\/main\/wp-json\/wp\/v2\/types\/page"}],"author":[{"embeddable":true,"href":"https:\/\/site.aevaladares.pt\/main\/wp-json\/wp\/v2\/users\/1"}],"replies":[{"embeddable":true,"href":"https:\/\/site.aevaladares.pt\/main\/wp-json\/wp\/v2\/comments?post=2"}],"version-history":[{"count":15,"href":"https:\/\/site.aevaladares.pt\/main\/wp-json\/wp\/v2\/pages\/2\/revisions"}],"predecessor-version":[{"id":652,"href":"https:\/\/site.aevaladares.pt\/main\/wp-json\/wp\/v2\/pages\/2\/revisions\/652"}],"wp:attachment":[{"href":"https:\/\/site.aevaladares.pt\/main\/wp-json\/wp\/v2\/media?parent=2"}],"curies":[{"name":"wp","href":"https:\/\/api.w.org\/{rel}","templated":true}]}}